{"id":12,"date":"2024-01-02T13:14:14","date_gmt":"2024-01-02T13:14:14","guid":{"rendered":"https:\/\/iskeleelektrik.com\/?page_id=12"},"modified":"2024-01-02T13:14:14","modified_gmt":"2024-01-02T13:14:14","slug":"bize-ulasin","status":"publish","type":"page","link":"https:\/\/iskeleelektrik.com\/?page_id=12","title":{"rendered":"Bize ula\u015f\u0131n"},"content":{"rendered":"\n<p>Bu sayfada, adres ve telefon numaras\u0131 gibi temel ileti\u015fim bilgileri bulunur. Ayr\u0131ca bir ileti\u015fim formu eklemek i\u00e7in bir eklenti de deneyebilirsiniz.<\/p>\n","protected":false},"excerpt":{"rendered":"<p>Bu sayfada, adres ve telefon numaras\u0131 gibi temel ileti\u015fim bilgileri bulunur. Ayr\u0131ca bir ileti\u015fim formu eklemek i\u00e7in bir eklenti de deneyebilirsiniz.<\/p>\n","protected":false},"author":1,"featured_media":7,"parent":0,"menu_order":0,"comment_status":"closed","ping_status":"closed","template":"","meta":{"footnotes":""},"class_list":["post-12","page","type-page","status-publish","has-post-thumbnail","hentry"],"yoast_head":"<!-- This site is optimized with the Yoast SEO plugin v21.7 - https:\/\/yoast.com\/wordpress\/plugins\/seo\/ -->\n<title>Bize ula\u015f\u0131n -<\/title>\n<meta name=\"robots\" content=\"index, follow, max-snippet:-1, max-image-preview:large, max-video-preview:-1\" \/>\n<link rel=\"canonical\" href=\"https:\/\/iskeleelektrik.com\/?page_id=12\" \/>\n<meta property=\"og:locale\" content=\"tr_TR\" \/>\n<meta property=\"og:type\" content=\"article\" \/>\n<meta property=\"og:title\" content=\"Bize ula\u015f\u0131n -\" \/>\n<meta property=\"og:description\" content=\"Bu sayfada, adres ve telefon numaras\u0131 gibi temel ileti\u015fim bilgileri bulunur. Ayr\u0131ca bir ileti\u015fim formu eklemek i\u00e7in bir eklenti de deneyebilirsiniz.\" \/>\n<meta property=\"og:url\" content=\"https:\/\/iskeleelektrik.com\/?page_id=12\" \/>\n<meta property=\"og:image\" content=\"https:\/\/iskeleelektrik.com\/wp-content\/uploads\/2024\/01\/espresso.jpg\" \/>\n\t<meta property=\"og:image:width\" content=\"2000\" \/>\n\t<meta property=\"og:image:height\" content=\"1200\" \/>\n\t<meta property=\"og:image:type\" content=\"image\/jpeg\" \/>\n<meta name=\"twitter:card\" content=\"summary_large_image\" \/>\n<script type=\"application\/ld+json\" class=\"yoast-schema-graph\">{\"@context\":\"https:\/\/schema.org\",\"@graph\":[{\"@type\":\"WebPage\",\"@id\":\"https:\/\/iskeleelektrik.com\/?page_id=12\",\"url\":\"https:\/\/iskeleelektrik.com\/?page_id=12\",\"name\":\"Bize ula\u015f\u0131n -\",\"isPartOf\":{\"@id\":\"https:\/\/iskeleelektrik.com\/#website\"},\"datePublished\":\"2024-01-02T13:14:14+00:00\",\"dateModified\":\"2024-01-02T13:14:14+00:00\",\"breadcrumb\":{\"@id\":\"https:\/\/iskeleelektrik.com\/?page_id=12#breadcrumb\"},\"inLanguage\":\"tr\",\"potentialAction\":[{\"@type\":\"ReadAction\",\"target\":[\"https:\/\/iskeleelektrik.com\/?page_id=12\"]}]},{\"@type\":\"BreadcrumbList\",\"@id\":\"https:\/\/iskeleelektrik.com\/?page_id=12#breadcrumb\",\"itemListElement\":[{\"@type\":\"ListItem\",\"position\":1,\"name\":\"Anasayfa\",\"item\":\"https:\/\/iskeleelektrik.com\/\"},{\"@type\":\"ListItem\",\"position\":2,\"name\":\"Bize ula\u015f\u0131n\"}]},{\"@type\":\"WebSite\",\"@id\":\"https:\/\/iskeleelektrik.com\/#website\",\"url\":\"https:\/\/iskeleelektrik.com\/\",\"name\":\"\",\"description\":\"\",\"potentialAction\":[{\"@type\":\"SearchAction\",\"target\":{\"@type\":\"EntryPoint\",\"urlTemplate\":\"https:\/\/iskeleelektrik.com\/?s={search_term_string}\"},\"query-input\":\"required name=search_term_string\"}],\"inLanguage\":\"tr\"}]}<\/script>\n<!-- \/ Yoast SEO plugin. -->","yoast_head_json":{"title":"Bize ula\u015f\u0131n -","robots":{"index":"index","follow":"follow","max-snippet":"max-snippet:-1","max-image-preview":"max-image-preview:large","max-video-preview":"max-video-preview:-1"},"canonical":"https:\/\/iskeleelektrik.com\/?page_id=12","og_locale":"tr_TR","og_type":"article","og_title":"Bize ula\u015f\u0131n -","og_description":"Bu sayfada, adres ve telefon numaras\u0131 gibi temel ileti\u015fim bilgileri bulunur. Ayr\u0131ca bir ileti\u015fim formu eklemek i\u00e7in bir eklenti de deneyebilirsiniz.","og_url":"https:\/\/iskeleelektrik.com\/?page_id=12","og_image":[{"width":2000,"height":1200,"url":"https:\/\/iskeleelektrik.com\/wp-content\/uploads\/2024\/01\/espresso.jpg","type":"image\/jpeg"}],"twitter_card":"summary_large_image","schema":{"@context":"https:\/\/schema.org","@graph":[{"@type":"WebPage","@id":"https:\/\/iskeleelektrik.com\/?page_id=12","url":"https:\/\/iskeleelektrik.com\/?page_id=12","name":"Bize ula\u015f\u0131n -","isPartOf":{"@id":"https:\/\/iskeleelektrik.com\/#website"},"datePublished":"2024-01-02T13:14:14+00:00","dateModified":"2024-01-02T13:14:14+00:00","breadcrumb":{"@id":"https:\/\/iskeleelektrik.com\/?page_id=12#breadcrumb"},"inLanguage":"tr","potentialAction":[{"@type":"ReadAction","target":["https:\/\/iskeleelektrik.com\/?page_id=12"]}]},{"@type":"BreadcrumbList","@id":"https:\/\/iskeleelektrik.com\/?page_id=12#breadcrumb","itemListElement":[{"@type":"ListItem","position":1,"name":"Anasayfa","item":"https:\/\/iskeleelektrik.com\/"},{"@type":"ListItem","position":2,"name":"Bize ula\u015f\u0131n"}]},{"@type":"WebSite","@id":"https:\/\/iskeleelektrik.com\/#website","url":"https:\/\/iskeleelektrik.com\/","name":"","description":"","potentialAction":[{"@type":"SearchAction","target":{"@type":"EntryPoint","urlTemplate":"https:\/\/iskeleelektrik.com\/?s={search_term_string}"},"query-input":"required name=search_term_string"}],"inLanguage":"tr"}]}},"_links":{"self":[{"href":"https:\/\/iskeleelektrik.com\/index.php?rest_route=\/wp\/v2\/pages\/12","targetHints":{"allow":["GET"]}}],"collection":[{"href":"https:\/\/iskeleelektrik.com\/index.php?rest_route=\/wp\/v2\/pages"}],"about":[{"href":"https:\/\/iskeleelektrik.com\/index.php?rest_route=\/wp\/v2\/types\/page"}],"author":[{"embeddable":true,"href":"https:\/\/iskeleelektrik.com\/index.php?rest_route=\/wp\/v2\/users\/1"}],"replies":[{"embeddable":true,"href":"https:\/\/iskeleelektrik.com\/index.php?rest_route=%2Fwp%2Fv2%2Fcomments&post=12"}],"version-history":[{"count":1,"href":"https:\/\/iskeleelektrik.com\/index.php?rest_route=\/wp\/v2\/pages\/12\/revisions"}],"predecessor-version":[{"id":19,"href":"https:\/\/iskeleelektrik.com\/index.php?rest_route=\/wp\/v2\/pages\/12\/revisions\/19"}],"wp:featuredmedia":[{"embeddable":true,"href":"https:\/\/iskeleelektrik.com\/index.php?rest_route=\/wp\/v2\/media\/7"}],"wp:attachment":[{"href":"https:\/\/iskeleelektrik.com\/index.php?rest_route=%2Fwp%2Fv2%2Fmedia&parent=12"}],"curies":[{"name":"wp","href":"https:\/\/api.w.org\/{rel}","templated":true}]}}