{"id":11,"date":"2024-01-02T13:14:14","date_gmt":"2024-01-02T13:14:14","guid":{"rendered":"https:\/\/iskeleelektrik.com\/?page_id=11"},"modified":"2024-01-02T13:26:31","modified_gmt":"2024-01-02T13:26:31","slug":"hakkimizda","status":"publish","type":"page","link":"https:\/\/iskeleelektrik.com\/?page_id=11","title":{"rendered":"Hakk\u0131m\u0131zda"},"content":{"rendered":"\n<figure class=\"wp-block-table\"><table><tbody><tr><td><strong>Proje Ad\u0131<\/strong><\/td><td><strong>:<\/strong><\/td><td>\u0130kiler HES<\/td><td>&nbsp;<\/td><\/tr><tr><td><strong>\u015eirket Ad\u0131<\/strong><\/td><td><strong>:<\/strong><\/td><td>\u0130SKELE ELEKTR\u0130K \u00dcRET\u0130M A.\u015e<\/td><td>&nbsp;<\/td><\/tr><tr><td><strong>\u0130li<\/strong><\/td><td><strong>:<\/strong><\/td><td>Karab\u00fck<\/td><td>&nbsp;<\/td><\/tr><tr><td><strong>\u0130l\u00e7esi<\/strong><\/td><td><strong>:<\/strong><\/td><td>Eskipazar<\/td><td>&nbsp;<\/td><\/tr><tr><td><strong>Havza Ad\u0131<\/strong><\/td><td><strong>:<\/strong><\/td><td>Bat\u0131 Kardeniz<\/td><td>&nbsp;<\/td><\/tr><tr><td><strong>DS\u0130 B\u00f6lgesi<\/strong><\/td><td><strong>:<\/strong><\/td><td>XXIII.B\u00f6lge M\u00fcd\u00fcrl\u00fc\u011f\u00fc -Kastamonu<\/td><td>&nbsp;<\/td><\/tr><tr><td><strong>Akarsu Ad\u0131 \/ Ana Kol Ad\u0131<\/strong><\/td><td><strong>:<\/strong><\/td><td>Gerede \u00c7ay\u0131<\/td><td>&nbsp;<\/td><\/tr><tr><td><strong>Baraj \/ Reg\u00fclat\u00f6r Tipi<\/strong><\/td><td><strong>:<\/strong><\/td><td colspan=\"2\">Kil \u00c7ekirdekli Kaya Dolgu<\/td><\/tr><tr><td><strong>\u0130letim Yap\u0131s\u0131 Tipi<\/strong><\/td><td><strong>:<\/strong><\/td><td colspan=\"2\">A\u00e7\u0131k Kanal<\/td><\/tr><tr><td><strong>\u0130letim Yap\u0131s\u0131 Uzunlu\u011fu (m)<\/strong><\/td><td><strong>:<\/strong><\/td><td colspan=\"2\">1002.35<\/td><\/tr><tr><td><strong>T\u00fcrbin Tipi<\/strong><\/td><td><strong>:<\/strong><\/td><td colspan=\"2\">D\u00fc\u015fey Eksenli Kaplan<\/td><\/tr><tr><td><strong>\u00dcnite Adedi<\/strong><\/td><td><strong>:<\/strong><\/td><td colspan=\"2\">2<\/td><\/tr><tr><td><strong>Br\u00fct D\u00fc\u015f\u00fc (m)<\/strong><\/td><td><strong>:<\/strong><\/td><td colspan=\"2\">22.36<\/td><\/tr><tr><td><strong>Net D\u00fc\u015f\u00fc (m)<\/strong><\/td><td><strong>:<\/strong><\/td><td colspan=\"2\">21.40<\/td><\/tr><tr><td><strong>Proje Debisi (m<\/strong><strong>3<\/strong><strong>\/sn)<\/strong><\/td><td><strong>:<\/strong><\/td><td colspan=\"2\">33.00<\/td><\/tr><tr><td><strong>Kurulu G\u00fc\u00e7 (MW)<\/strong><\/td><td><strong>:<\/strong><\/td><td colspan=\"2\">6.37 MWm \/ 6.12 Mwe<\/td><\/tr><tr><td><strong>Toplam Enerji (GWh)<\/strong><\/td><td><strong>:<\/strong><\/td><td colspan=\"2\">18.320<\/td><\/tr><tr><td><strong>Yat\u0131r\u0131m Bedeli (TL)<\/strong><\/td><td><strong>:<\/strong><\/td><td colspan=\"2\">29 634 332.TL<\/td><\/tr><\/tbody><\/table><\/figure>\n","protected":false},"excerpt":{"rendered":"<p>Proje Ad\u0131 : \u0130kiler HES &nbsp; \u015eirket Ad\u0131 : \u0130SKELE ELEKTR\u0130K \u00dcRET\u0130M A.\u015e &nbsp; \u0130li : Karab\u00fck &nbsp; \u0130l\u00e7esi : Eskipazar &nbsp; Havza Ad\u0131 : Bat\u0131 Kardeniz &nbsp; DS\u0130 B\u00f6lgesi : XXIII.B\u00f6lge M\u00fcd\u00fcrl\u00fc\u011f\u00fc -Kastamonu &nbsp; Akarsu Ad\u0131 \/ Ana Kol Ad\u0131 : Gerede \u00c7ay\u0131 &nbsp; Baraj \/ Reg\u00fclat\u00f6r Tipi : Kil \u00c7ekirdekli Kaya Dolgu \u0130letim &hellip; <\/p>\n<p class=\"link-more\"><a href=\"https:\/\/iskeleelektrik.com\/?page_id=11\" class=\"more-link\">Okumaya devam et<span class=\"screen-reader-text\"> &#8220;Hakk\u0131m\u0131zda&#8221;<\/span><\/a><\/p>\n","protected":false},"author":1,"featured_media":8,"parent":0,"menu_order":0,"comment_status":"closed","ping_status":"closed","template":"","meta":{"footnotes":""},"class_list":["post-11","page","type-page","status-publish","has-post-thumbnail","hentry"],"yoast_head":"<!-- This site is optimized with the Yoast SEO plugin v21.7 - https:\/\/yoast.com\/wordpress\/plugins\/seo\/ -->\n<title>Hakk\u0131m\u0131zda -<\/title>\n<meta name=\"robots\" content=\"index, follow, max-snippet:-1, max-image-preview:large, max-video-preview:-1\" \/>\n<link rel=\"canonical\" href=\"https:\/\/iskeleelektrik.com\/?page_id=11\" \/>\n<meta property=\"og:locale\" content=\"tr_TR\" \/>\n<meta property=\"og:type\" content=\"article\" \/>\n<meta property=\"og:title\" content=\"Hakk\u0131m\u0131zda -\" \/>\n<meta property=\"og:description\" content=\"Proje Ad\u0131 : \u0130kiler HES &nbsp; \u015eirket Ad\u0131 : \u0130SKELE ELEKTR\u0130K \u00dcRET\u0130M A.\u015e &nbsp; \u0130li : Karab\u00fck &nbsp; \u0130l\u00e7esi : Eskipazar &nbsp; Havza Ad\u0131 : Bat\u0131 Kardeniz &nbsp; DS\u0130 B\u00f6lgesi : XXIII.B\u00f6lge M\u00fcd\u00fcrl\u00fc\u011f\u00fc -Kastamonu &nbsp; Akarsu Ad\u0131 \/ Ana Kol Ad\u0131 : Gerede \u00c7ay\u0131 &nbsp; Baraj \/ Reg\u00fclat\u00f6r Tipi : Kil \u00c7ekirdekli Kaya Dolgu \u0130letim &hellip; Okumaya devam et &quot;Hakk\u0131m\u0131zda&quot;\" \/>\n<meta property=\"og:url\" content=\"https:\/\/iskeleelektrik.com\/?page_id=11\" \/>\n<meta property=\"article:modified_time\" content=\"2024-01-02T13:26:31+00:00\" \/>\n<meta property=\"og:image\" content=\"https:\/\/iskeleelektrik.com\/wp-content\/uploads\/2024\/01\/sandwich.jpg\" \/>\n\t<meta property=\"og:image:width\" content=\"2000\" \/>\n\t<meta property=\"og:image:height\" content=\"1200\" \/>\n\t<meta property=\"og:image:type\" content=\"image\/jpeg\" \/>\n<meta name=\"twitter:card\" content=\"summary_large_image\" \/>\n<meta name=\"twitter:label1\" content=\"Tahmini okuma s\u00fcresi\" \/>\n\t<meta name=\"twitter:data1\" content=\"1 dakika\" \/>\n<script type=\"application\/ld+json\" class=\"yoast-schema-graph\">{\"@context\":\"https:\/\/schema.org\",\"@graph\":[{\"@type\":\"WebPage\",\"@id\":\"https:\/\/iskeleelektrik.com\/?page_id=11\",\"url\":\"https:\/\/iskeleelektrik.com\/?page_id=11\",\"name\":\"Hakk\u0131m\u0131zda -\",\"isPartOf\":{\"@id\":\"https:\/\/iskeleelektrik.com\/#website\"},\"datePublished\":\"2024-01-02T13:14:14+00:00\",\"dateModified\":\"2024-01-02T13:26:31+00:00\",\"breadcrumb\":{\"@id\":\"https:\/\/iskeleelektrik.com\/?page_id=11#breadcrumb\"},\"inLanguage\":\"tr\",\"potentialAction\":[{\"@type\":\"ReadAction\",\"target\":[\"https:\/\/iskeleelektrik.com\/?page_id=11\"]}]},{\"@type\":\"BreadcrumbList\",\"@id\":\"https:\/\/iskeleelektrik.com\/?page_id=11#breadcrumb\",\"itemListElement\":[{\"@type\":\"ListItem\",\"position\":1,\"name\":\"Anasayfa\",\"item\":\"https:\/\/iskeleelektrik.com\/\"},{\"@type\":\"ListItem\",\"position\":2,\"name\":\"Hakk\u0131m\u0131zda\"}]},{\"@type\":\"WebSite\",\"@id\":\"https:\/\/iskeleelektrik.com\/#website\",\"url\":\"https:\/\/iskeleelektrik.com\/\",\"name\":\"\",\"description\":\"\",\"potentialAction\":[{\"@type\":\"SearchAction\",\"target\":{\"@type\":\"EntryPoint\",\"urlTemplate\":\"https:\/\/iskeleelektrik.com\/?s={search_term_string}\"},\"query-input\":\"required name=search_term_string\"}],\"inLanguage\":\"tr\"}]}<\/script>\n<!-- \/ Yoast SEO plugin. -->","yoast_head_json":{"title":"Hakk\u0131m\u0131zda -","robots":{"index":"index","follow":"follow","max-snippet":"max-snippet:-1","max-image-preview":"max-image-preview:large","max-video-preview":"max-video-preview:-1"},"canonical":"https:\/\/iskeleelektrik.com\/?page_id=11","og_locale":"tr_TR","og_type":"article","og_title":"Hakk\u0131m\u0131zda -","og_description":"Proje Ad\u0131 : \u0130kiler HES &nbsp; \u015eirket Ad\u0131 : \u0130SKELE ELEKTR\u0130K \u00dcRET\u0130M A.\u015e &nbsp; \u0130li : Karab\u00fck &nbsp; \u0130l\u00e7esi : Eskipazar &nbsp; Havza Ad\u0131 : Bat\u0131 Kardeniz &nbsp; DS\u0130 B\u00f6lgesi : XXIII.B\u00f6lge M\u00fcd\u00fcrl\u00fc\u011f\u00fc -Kastamonu &nbsp; Akarsu Ad\u0131 \/ Ana Kol Ad\u0131 : Gerede \u00c7ay\u0131 &nbsp; Baraj \/ Reg\u00fclat\u00f6r Tipi : Kil \u00c7ekirdekli Kaya Dolgu \u0130letim &hellip; Okumaya devam et \"Hakk\u0131m\u0131zda\"","og_url":"https:\/\/iskeleelektrik.com\/?page_id=11","article_modified_time":"2024-01-02T13:26:31+00:00","og_image":[{"width":2000,"height":1200,"url":"https:\/\/iskeleelektrik.com\/wp-content\/uploads\/2024\/01\/sandwich.jpg","type":"image\/jpeg"}],"twitter_card":"summary_large_image","twitter_misc":{"Tahmini okuma s\u00fcresi":"1 dakika"},"schema":{"@context":"https:\/\/schema.org","@graph":[{"@type":"WebPage","@id":"https:\/\/iskeleelektrik.com\/?page_id=11","url":"https:\/\/iskeleelektrik.com\/?page_id=11","name":"Hakk\u0131m\u0131zda -","isPartOf":{"@id":"https:\/\/iskeleelektrik.com\/#website"},"datePublished":"2024-01-02T13:14:14+00:00","dateModified":"2024-01-02T13:26:31+00:00","breadcrumb":{"@id":"https:\/\/iskeleelektrik.com\/?page_id=11#breadcrumb"},"inLanguage":"tr","potentialAction":[{"@type":"ReadAction","target":["https:\/\/iskeleelektrik.com\/?page_id=11"]}]},{"@type":"BreadcrumbList","@id":"https:\/\/iskeleelektrik.com\/?page_id=11#breadcrumb","itemListElement":[{"@type":"ListItem","position":1,"name":"Anasayfa","item":"https:\/\/iskeleelektrik.com\/"},{"@type":"ListItem","position":2,"name":"Hakk\u0131m\u0131zda"}]},{"@type":"WebSite","@id":"https:\/\/iskeleelektrik.com\/#website","url":"https:\/\/iskeleelektrik.com\/","name":"","description":"","potentialAction":[{"@type":"SearchAction","target":{"@type":"EntryPoint","urlTemplate":"https:\/\/iskeleelektrik.com\/?s={search_term_string}"},"query-input":"required name=search_term_string"}],"inLanguage":"tr"}]}},"_links":{"self":[{"href":"https:\/\/iskeleelektrik.com\/index.php?rest_route=\/wp\/v2\/pages\/11","targetHints":{"allow":["GET"]}}],"collection":[{"href":"https:\/\/iskeleelektrik.com\/index.php?rest_route=\/wp\/v2\/pages"}],"about":[{"href":"https:\/\/iskeleelektrik.com\/index.php?rest_route=\/wp\/v2\/types\/page"}],"author":[{"embeddable":true,"href":"https:\/\/iskeleelektrik.com\/index.php?rest_route=\/wp\/v2\/users\/1"}],"replies":[{"embeddable":true,"href":"https:\/\/iskeleelektrik.com\/index.php?rest_route=%2Fwp%2Fv2%2Fcomments&post=11"}],"version-history":[{"count":2,"href":"https:\/\/iskeleelektrik.com\/index.php?rest_route=\/wp\/v2\/pages\/11\/revisions"}],"predecessor-version":[{"id":35,"href":"https:\/\/iskeleelektrik.com\/index.php?rest_route=\/wp\/v2\/pages\/11\/revisions\/35"}],"wp:featuredmedia":[{"embeddable":true,"href":"https:\/\/iskeleelektrik.com\/index.php?rest_route=\/wp\/v2\/media\/8"}],"wp:attachment":[{"href":"https:\/\/iskeleelektrik.com\/index.php?rest_route=%2Fwp%2Fv2%2Fmedia&parent=11"}],"curies":[{"name":"wp","href":"https:\/\/api.w.org\/{rel}","templated":true}]}}